{"id":4214,"date":"2021-11-30T13:11:11","date_gmt":"2021-11-30T13:11:11","guid":{"rendered":"https:\/\/demo.casethemes.net\/industo\/?page_id=4214"},"modified":"2024-03-05T10:15:17","modified_gmt":"2024-03-05T07:15:17","slug":"blog","status":"publish","type":"page","link":"https:\/\/holsan.com\/tr\/blog\/","title":{"rendered":"Blog"},"content":{"rendered":"\t\t<div data-elementor-type=\"wp-page\" data-elementor-id=\"4214\" class=\"elementor elementor-4214\">\n\t\t\t\t\t\t\t        <section class=\"elementor-section elementor-top-section elementor-element elementor-element-858e655 elementor-section-boxed elementor-section-height-default elementor-section-height-default ct-header-fixed-none ct-column-none ct-row-scroll-none ct-row-gradient--none ct-row-container--default\" data-id=\"858e655\" data-element_type=\"section\">\n            \n                        <div class=\"elementor-container elementor-column-gap-extended \">\n                    <div class=\"elementor-column elementor-col-100 elementor-top-column elementor-element elementor-element-25e48ba ct-column-none col-offset-none\" data-id=\"25e48ba\" data-element_type=\"column\">\n            <div class=\"elementor-widget-wrap elementor-element-populated\">\n                        \t\t<div class=\"elementor-element elementor-element-2cbef57 elementor-widget elementor-widget-ct_blog_grid\" data-id=\"2cbef57\" data-element_type=\"widget\" data-widget_type=\"ct_blog_grid.default\">\n\t\t\t\t<div class=\"elementor-widget-container\">\n\t\t\t\r\n<div id=\"ct_blog_grid-2cbef57\" class=\"ct-grid ct-blog-grid ct-blog-grid-layout2\" data-layout=\"masonry\" data-start-page=\"1\" data-max-pages=\"4\" data-total=\"19\" data-perpage=\"6\" data-next-link=\"https:\/\/holsan.com\/tr\/wp-json\/wp\/v2\/pages\/4214\/page\/2\/\">\r\n    <div class=\"ct-grid-overlay\"><\/div>\r\n    \r\n    <div class=\"ct-grid-inner ct-grid-masonry row animate-time\" data-gutter=\"15\">\r\n                            <div class=\"grid-item col-xl-6 col-lg-6 col-md-6 col-sm-6 col-12 pulverizator\">\r\n                        <div class=\"grid-item-inner \" data-wow-duration=\"1.2s\">\r\n                                                            <div class=\"item--featured\">\r\n                                    <a href=\"https:\/\/holsan.com\/tr\/agac-ilaclama-pompasi-ile-etkili-bakim\/\"><img fetchpriority=\"high\" decoding=\"async\" class=\"\" src=\"https:\/\/holsan.com\/tr\/wp-content\/uploads\/2025\/05\/orchard-sprayer--scaled-500x425.jpg\" width=\"500\" height=\"425\" alt=\"a\u011fa\u00e7 ila\u00e7lama pompas\u0131\" title=\"a\u011fa\u00e7 ila\u00e7lama pompas\u0131\" \/><\/a>\r\n                                                                            <div class=\"item--category\">\r\n                                            <a href=\"https:\/\/holsan.com\/tr\/category\/pulverizator\/\" rel=\"tag\">P\u00fclverizat\u00f6r<\/a>                                        <\/div>\r\n                                                                    <\/div>\r\n                                                        <div class=\"item--holder item--main\">\r\n                                                                <h3 class=\"item--title\"><a href=\"https:\/\/holsan.com\/tr\/agac-ilaclama-pompasi-ile-etkili-bakim\/\">A\u011fa\u00e7 \u0130la\u00e7lama Pompas\u0131 ile Etkili Bak\u0131m: Hangi Mevsimde, Ne Zaman Yap\u0131lmal\u0131?<\/a><\/h3>\r\n                            <\/div>\r\n                            <div class=\"item--holder item--hover\">\r\n                                                                <div class=\"item--holder-inner\">\r\n                                                            \r\n                                    <div class=\"item--featured-hover\" style=\"background-image: url(https:\/\/holsan.com\/tr\/wp-content\/uploads\/2025\/05\/orchard-sprayer--scaled.jpg);\"><\/div>\r\n                                                                    <h3 class=\"item--title\"><a href=\"https:\/\/holsan.com\/tr\/agac-ilaclama-pompasi-ile-etkili-bakim\/\">A\u011fa\u00e7 \u0130la\u00e7lama Pompas\u0131 ile Etkili Bak\u0131m: Hangi Mevsimde, Ne Zaman Yap\u0131lmal\u0131?<\/a><\/h3>\r\n                                                                                                                <div class=\"item--readmore\">\r\n                                            <a class=\"btn-readmore\" href=\"https:\/\/holsan.com\/tr\/agac-ilaclama-pompasi-ile-etkili-bakim\/\">\r\n                                                <span>Daha Fazlas\u0131n\u0131 Oku<\/span>\r\n                                                <i class=\"caseicon-angle-arrow-right\"><\/i>\r\n                                            <\/a>\r\n                                        <\/div>\r\n                                                                    <\/div>\r\n                            <\/div>\r\n                        <\/div>\r\n                    <\/div>\r\n                                    <div class=\"grid-item col-xl-6 col-lg-6 col-md-6 col-sm-6 col-12 pulverizator\">\r\n                        <div class=\"grid-item-inner \" data-wow-duration=\"1.2s\">\r\n                                                            <div class=\"item--featured\">\r\n                                    <a href=\"https:\/\/holsan.com\/tr\/ilac-tankeri\/\"><img decoding=\"async\" class=\"\" src=\"https:\/\/holsan.com\/tr\/wp-content\/uploads\/2025\/01\/ilac-tankeri-2-500x425.png\" width=\"500\" height=\"425\" alt=\"ila\u00e7 tankeri\" title=\"ila\u00e7 tankeri\" \/><\/a>\r\n                                                                            <div class=\"item--category\">\r\n                                            <a href=\"https:\/\/holsan.com\/tr\/category\/pulverizator\/\" rel=\"tag\">P\u00fclverizat\u00f6r<\/a>                                        <\/div>\r\n                                                                    <\/div>\r\n                                                        <div class=\"item--holder item--main\">\r\n                                                                <h3 class=\"item--title\"><a href=\"https:\/\/holsan.com\/tr\/ilac-tankeri\/\">\u0130la\u00e7 Tankeri<\/a><\/h3>\r\n                            <\/div>\r\n                            <div class=\"item--holder item--hover\">\r\n                                                                <div class=\"item--holder-inner\">\r\n                                                            \r\n                                    <div class=\"item--featured-hover\" style=\"background-image: url(https:\/\/holsan.com\/tr\/wp-content\/uploads\/2025\/01\/ilac-tankeri-2.png);\"><\/div>\r\n                                                                    <h3 class=\"item--title\"><a href=\"https:\/\/holsan.com\/tr\/ilac-tankeri\/\">\u0130la\u00e7 Tankeri<\/a><\/h3>\r\n                                                                                                                <div class=\"item--readmore\">\r\n                                            <a class=\"btn-readmore\" href=\"https:\/\/holsan.com\/tr\/ilac-tankeri\/\">\r\n                                                <span>Daha Fazlas\u0131n\u0131 Oku<\/span>\r\n                                                <i class=\"caseicon-angle-arrow-right\"><\/i>\r\n                                            <\/a>\r\n                                        <\/div>\r\n                                                                    <\/div>\r\n                            <\/div>\r\n                        <\/div>\r\n                    <\/div>\r\n                                    <div class=\"grid-item col-xl-6 col-lg-6 col-md-6 col-sm-6 col-12 pulverizator\">\r\n                        <div class=\"grid-item-inner \" data-wow-duration=\"1.2s\">\r\n                                                            <div class=\"item--featured\">\r\n                                    <a href=\"https:\/\/holsan.com\/tr\/atomizer-nedir\/\"><img decoding=\"async\" class=\"\" src=\"https:\/\/holsan.com\/tr\/wp-content\/uploads\/2025\/01\/atomizer-nedir-3-500x425.png\" width=\"500\" height=\"425\" alt=\"atomizer nedir\" title=\"atomizer nedir\" \/><\/a>\r\n                                                                            <div class=\"item--category\">\r\n                                            <a href=\"https:\/\/holsan.com\/tr\/category\/pulverizator\/\" rel=\"tag\">P\u00fclverizat\u00f6r<\/a>                                        <\/div>\r\n                                                                    <\/div>\r\n                                                        <div class=\"item--holder item--main\">\r\n                                                                <h3 class=\"item--title\"><a href=\"https:\/\/holsan.com\/tr\/atomizer-nedir\/\">Atomizer Nedir<\/a><\/h3>\r\n                            <\/div>\r\n                            <div class=\"item--holder item--hover\">\r\n                                                                <div class=\"item--holder-inner\">\r\n                                                            \r\n                                    <div class=\"item--featured-hover\" style=\"background-image: url(https:\/\/holsan.com\/tr\/wp-content\/uploads\/2025\/01\/atomizer-nedir-3.png);\"><\/div>\r\n                                                                    <h3 class=\"item--title\"><a href=\"https:\/\/holsan.com\/tr\/atomizer-nedir\/\">Atomizer Nedir<\/a><\/h3>\r\n                                                                                                                <div class=\"item--readmore\">\r\n                                            <a class=\"btn-readmore\" href=\"https:\/\/holsan.com\/tr\/atomizer-nedir\/\">\r\n                                                <span>Daha Fazlas\u0131n\u0131 Oku<\/span>\r\n                                                <i class=\"caseicon-angle-arrow-right\"><\/i>\r\n                                            <\/a>\r\n                                        <\/div>\r\n                                                                    <\/div>\r\n                            <\/div>\r\n                        <\/div>\r\n                    <\/div>\r\n                                    <div class=\"grid-item col-xl-6 col-lg-6 col-md-6 col-sm-6 col-12 pulverizator\">\r\n                        <div class=\"grid-item-inner \" data-wow-duration=\"1.2s\">\r\n                                                            <div class=\"item--featured\">\r\n                                    <a href=\"https:\/\/holsan.com\/tr\/bahce-ilaclama-pompasi\/\"><img loading=\"lazy\" decoding=\"async\" class=\"\" src=\"https:\/\/holsan.com\/tr\/wp-content\/uploads\/2025\/01\/Benzinli-Bahce-Ilaclama-Pompasi-500x414.png\" width=\"500\" height=\"414\" alt=\"Benzinli Bah\u00e7e \u0130la\u00e7lama Pompas\u0131\" title=\"Benzinli Bah\u00e7e \u0130la\u00e7lama Pompas\u0131\" \/><\/a>\r\n                                                                            <div class=\"item--category\">\r\n                                            <a href=\"https:\/\/holsan.com\/tr\/category\/pulverizator\/\" rel=\"tag\">P\u00fclverizat\u00f6r<\/a>                                        <\/div>\r\n                                                                    <\/div>\r\n                                                        <div class=\"item--holder item--main\">\r\n                                                                <h3 class=\"item--title\"><a href=\"https:\/\/holsan.com\/tr\/bahce-ilaclama-pompasi\/\">Bah\u00e7e \u0130la\u00e7lama Pompas\u0131<\/a><\/h3>\r\n                            <\/div>\r\n                            <div class=\"item--holder item--hover\">\r\n                                                                <div class=\"item--holder-inner\">\r\n                                                            \r\n                                    <div class=\"item--featured-hover\" style=\"background-image: url(https:\/\/holsan.com\/tr\/wp-content\/uploads\/2025\/01\/Benzinli-Bahce-Ilaclama-Pompasi.png);\"><\/div>\r\n                                                                    <h3 class=\"item--title\"><a href=\"https:\/\/holsan.com\/tr\/bahce-ilaclama-pompasi\/\">Bah\u00e7e \u0130la\u00e7lama Pompas\u0131<\/a><\/h3>\r\n                                                                                                                <div class=\"item--readmore\">\r\n                                            <a class=\"btn-readmore\" href=\"https:\/\/holsan.com\/tr\/bahce-ilaclama-pompasi\/\">\r\n                                                <span>Daha Fazlas\u0131n\u0131 Oku<\/span>\r\n                                                <i class=\"caseicon-angle-arrow-right\"><\/i>\r\n                                            <\/a>\r\n                                        <\/div>\r\n                                                                    <\/div>\r\n                            <\/div>\r\n                        <\/div>\r\n                    <\/div>\r\n                                    <div class=\"grid-item col-xl-6 col-lg-6 col-md-6 col-sm-6 col-12 pulverizator\">\r\n                        <div class=\"grid-item-inner \" data-wow-duration=\"1.2s\">\r\n                                                            <div class=\"item--featured\">\r\n                                    <a href=\"https:\/\/holsan.com\/tr\/agac-ilaclama-pompasi\/\"><img loading=\"lazy\" decoding=\"async\" class=\"\" src=\"https:\/\/holsan.com\/tr\/wp-content\/uploads\/2025\/01\/agac-ilaclama-pompasi-500x414.png\" width=\"500\" height=\"414\" alt=\"a\u011fa\u00e7 ila\u00e7lama pompas\u0131\" title=\"a\u011fa\u00e7 ila\u00e7lama pompas\u0131\" \/><\/a>\r\n                                                                            <div class=\"item--category\">\r\n                                            <a href=\"https:\/\/holsan.com\/tr\/category\/pulverizator\/\" rel=\"tag\">P\u00fclverizat\u00f6r<\/a>                                        <\/div>\r\n                                                                    <\/div>\r\n                                                        <div class=\"item--holder item--main\">\r\n                                                                <h3 class=\"item--title\"><a href=\"https:\/\/holsan.com\/tr\/agac-ilaclama-pompasi\/\">A\u011fa\u00e7 \u0130la\u00e7lama Pompas\u0131<\/a><\/h3>\r\n                            <\/div>\r\n                            <div class=\"item--holder item--hover\">\r\n                                                                <div class=\"item--holder-inner\">\r\n                                                            \r\n                                    <div class=\"item--featured-hover\" style=\"background-image: url(https:\/\/holsan.com\/tr\/wp-content\/uploads\/2025\/01\/agac-ilaclama-pompasi.png);\"><\/div>\r\n                                                                    <h3 class=\"item--title\"><a href=\"https:\/\/holsan.com\/tr\/agac-ilaclama-pompasi\/\">A\u011fa\u00e7 \u0130la\u00e7lama Pompas\u0131<\/a><\/h3>\r\n                                                                                                                <div class=\"item--readmore\">\r\n                                            <a class=\"btn-readmore\" href=\"https:\/\/holsan.com\/tr\/agac-ilaclama-pompasi\/\">\r\n                                                <span>Daha Fazlas\u0131n\u0131 Oku<\/span>\r\n                                                <i class=\"caseicon-angle-arrow-right\"><\/i>\r\n                                            <\/a>\r\n                                        <\/div>\r\n                                                                    <\/div>\r\n                            <\/div>\r\n                        <\/div>\r\n                    <\/div>\r\n                                    <div class=\"grid-item col-xl-6 col-lg-6 col-md-6 col-sm-6 col-12 pulverizator\">\r\n                        <div class=\"grid-item-inner \" data-wow-duration=\"1.2s\">\r\n                                                            <div class=\"item--featured\">\r\n                                    <a href=\"https:\/\/holsan.com\/tr\/1000-lt-holder-fiyatlari-modern-tarimin-gucu\/\"><img loading=\"lazy\" decoding=\"async\" class=\"\" src=\"https:\/\/holsan.com\/tr\/wp-content\/uploads\/2024\/03\/apples-1873078_1280-e1632076621856-500x425.jpg\" width=\"500\" height=\"425\" alt=\"1000 Lt Holder Fiyatlar\u0131\" title=\"1000 Lt Holder Fiyatlar\u0131\" \/><\/a>\r\n                                                                            <div class=\"item--category\">\r\n                                            <a href=\"https:\/\/holsan.com\/tr\/category\/pulverizator\/\" rel=\"tag\">P\u00fclverizat\u00f6r<\/a>                                        <\/div>\r\n                                                                    <\/div>\r\n                                                        <div class=\"item--holder item--main\">\r\n                                                                <h3 class=\"item--title\"><a href=\"https:\/\/holsan.com\/tr\/1000-lt-holder-fiyatlari-modern-tarimin-gucu\/\">1000 Lt Holder Fiyatlar\u0131: Modern Tar\u0131m\u0131n G\u00fcc\u00fc<\/a><\/h3>\r\n                            <\/div>\r\n                            <div class=\"item--holder item--hover\">\r\n                                                                <div class=\"item--holder-inner\">\r\n                                                            \r\n                                    <div class=\"item--featured-hover\" style=\"background-image: url(https:\/\/holsan.com\/tr\/wp-content\/uploads\/2024\/03\/apples-1873078_1280-e1632076621856.jpg);\"><\/div>\r\n                                                                    <h3 class=\"item--title\"><a href=\"https:\/\/holsan.com\/tr\/1000-lt-holder-fiyatlari-modern-tarimin-gucu\/\">1000 Lt Holder Fiyatlar\u0131: Modern Tar\u0131m\u0131n G\u00fcc\u00fc<\/a><\/h3>\r\n                                                                                                                <div class=\"item--readmore\">\r\n                                            <a class=\"btn-readmore\" href=\"https:\/\/holsan.com\/tr\/1000-lt-holder-fiyatlari-modern-tarimin-gucu\/\">\r\n                                                <span>Daha Fazlas\u0131n\u0131 Oku<\/span>\r\n                                                <i class=\"caseicon-angle-arrow-right\"><\/i>\r\n                                            <\/a>\r\n                                        <\/div>\r\n                                                                    <\/div>\r\n                            <\/div>\r\n                        <\/div>\r\n                    <\/div>\r\n                                    <div class=\"grid-sizer col-xl-6 col-lg-6 col-md-6 col-sm-6 col-12\"><\/div>\r\n            <\/div>\r\n            <div class=\"ct-grid-pagination\" data-loadmore=\"{&quot;startPage&quot;:1,&quot;maxPages&quot;:4,&quot;total&quot;:19,&quot;perpage&quot;:&quot;6&quot;,&quot;nextLink&quot;:&quot;https:\\\/\\\/holsan.com\\\/tr\\\/wp-json\\\/wp\\\/v2\\\/pages\\\/4214\\\/page\\\/2\\\/&quot;,&quot;source&quot;:&quot;&quot;,&quot;orderby&quot;:&quot;date&quot;,&quot;order&quot;:&quot;desc&quot;,&quot;limit&quot;:&quot;6&quot;,&quot;post_ids&quot;:&quot;&quot;,&quot;col_xl&quot;:6,&quot;col_lg&quot;:6,&quot;col_md&quot;:6,&quot;col_sm&quot;:6,&quot;col_xs&quot;:12,&quot;pagination_type&quot;:&quot;pagination&quot;,&quot;show_author&quot;:&quot;&quot;,&quot;show_category&quot;:&quot;true&quot;,&quot;show_date&quot;:&quot;&quot;,&quot;show_button&quot;:&quot;true&quot;,&quot;button_text&quot;:&quot;Daha Fazlas\\u0131n\\u0131 Oku&quot;,&quot;show_excerpt&quot;:&quot;&quot;,&quot;num_words&quot;:500,&quot;img_size&quot;:&quot;&quot;,&quot;grid_masonry&quot;:&quot;&quot;,&quot;ct_animate&quot;:&quot;&quot;,&quot;template_type&quot;:&quot;post_grid_layout2&quot;,&quot;tax&quot;:[&quot;category&quot;]}\" data-query=\"{&quot;post_type&quot;:&quot;post&quot;,&quot;posts_per_page&quot;:6,&quot;order&quot;:&quot;desc&quot;,&quot;orderby&quot;:&quot;date&quot;,&quot;tax_query&quot;:{&quot;relation&quot;:&quot;OR&quot;},&quot;post__not_in&quot;:[4214]}\">\r\n                <nav class=\"ct-posts-pagination ajax\">\r\n        <div class=\"posts-page-links\">\r\n            <span aria-current=\"page\" class=\"page-numbers current\">1<\/span>\n<a class=\"page-numbers\" href=\"#2\">2<\/a>\n<span class=\"page-numbers dots\">&hellip;<\/span>\n<a class=\"page-numbers\" href=\"#4\">4<\/a>\n<a class=\"next page-numbers\" href=\"#2\"><i class=\"caseicon-angle-arrow-right\"><\/i><\/a>        <\/div>\r\n    <\/nav>\r\n            <\/div>\r\n        <\/div>\t\t<\/div>\n\t\t\t\t<\/div>\n\t\t            <\/div>\n        <\/div>\n                            <\/div>\n        <\/section>\n        \t\t\t\t\t<\/div>\n\t\t","protected":false},"excerpt":{"rendered":"<p>P\u00fclverizat\u00f6r A\u011fa\u00e7 \u0130la\u00e7lama Makinas\u0131 ile Sa\u011fl\u0131kl\u0131 A\u011fa\u00e7lar A\u011fa\u00e7 \u0130la\u00e7lama Makinas\u0131 ile Sa\u011fl\u0131kl\u0131 A\u011fa\u00e7lar Daha Fazlas\u0131n\u0131 Oku P\u00fclverizat\u00f6r P\u00fclverizat\u00f6r Nedir ve Tar\u0131mda Yerinin \u00d6nemi P\u00fclverizat\u00f6r Nedir ve Tar\u0131mda Yerinin \u00d6nemi Daha Fazlas\u0131n\u0131 Oku P\u00fclverizat\u00f6r \u0130la\u00e7lama Pompas\u0131 Bak\u0131m\u0131 \u0130la\u00e7lama Pompas\u0131 Bak\u0131m\u0131 Daha Fazlas\u0131n\u0131 Oku P\u00fclverizat\u00f6r P\u00fclverizat\u00f6r Bas\u0131n\u00e7 Ayar\u0131 Nas\u0131l Yap\u0131l\u0131r P\u00fclverizat\u00f6r Bas\u0131n\u00e7 Ayar\u0131 Nas\u0131l Yap\u0131l\u0131r Daha Fazlas\u0131n\u0131 [&hellip;]<\/p>\n","protected":false},"author":1,"featured_media":0,"parent":0,"menu_order":0,"comment_status":"closed","ping_status":"closed","template":"","meta":{"footnotes":""},"class_list":["post-4214","page","type-page","status-publish","hentry"],"_links":{"self":[{"href":"https:\/\/holsan.com\/tr\/wp-json\/wp\/v2\/pages\/4214","targetHints":{"allow":["GET"]}}],"collection":[{"href":"https:\/\/holsan.com\/tr\/wp-json\/wp\/v2\/pages"}],"about":[{"href":"https:\/\/holsan.com\/tr\/wp-json\/wp\/v2\/types\/page"}],"author":[{"embeddable":true,"href":"https:\/\/holsan.com\/tr\/wp-json\/wp\/v2\/users\/1"}],"replies":[{"embeddable":true,"href":"https:\/\/holsan.com\/tr\/wp-json\/wp\/v2\/comments?post=4214"}],"version-history":[{"count":21,"href":"https:\/\/holsan.com\/tr\/wp-json\/wp\/v2\/pages\/4214\/revisions"}],"predecessor-version":[{"id":16005,"href":"https:\/\/holsan.com\/tr\/wp-json\/wp\/v2\/pages\/4214\/revisions\/16005"}],"wp:attachment":[{"href":"https:\/\/holsan.com\/tr\/wp-json\/wp\/v2\/media?parent=4214"}],"curies":[{"name":"wp","href":"https:\/\/api.w.org\/{rel}","templated":true}]}}